{"id":6026,"date":"2023-09-06T10:02:07","date_gmt":"2023-09-06T10:02:07","guid":{"rendered":"https:\/\/www.info-quest.ro\/?page_id=6026"},"modified":"2025-07-08T12:14:36","modified_gmt":"2025-07-08T12:14:36","slug":"quest-group","status":"publish","type":"page","link":"https:\/\/www.info-quest.ro\/ro\/quest-group\/","title":{"rendered":"Quest Group"},"content":{"rendered":"<p><div class=\"fusion-fullwidth fullwidth-box fusion-builder-row-1 fusion-flex-container has-pattern-background has-mask-background nonhundred-percent-fullwidth non-hundred-percent-height-scrolling\" style=\"--awb-border-radius-top-left:0px;--awb-border-radius-top-right:0px;--awb-border-radius-bottom-right:0px;--awb-border-radius-bottom-left:0px;--awb-padding-bottom:105px;--awb-flex-wrap:wrap;\" ><div class=\"fusion-builder-row fusion-row fusion-flex-align-items-flex-start fusion-flex-content-wrap\" style=\"max-width:1216.8px;margin-left: calc(-4% \/ 2 );margin-right: calc(-4% \/ 2 );\"><div class=\"fusion-layout-column fusion_builder_column fusion-builder-column-0 fusion_builder_column_1_1 1_1 fusion-flex-column\" style=\"--awb-bg-size:cover;--awb-width-large:100%;--awb-margin-top-large:0px;--awb-spacing-right-large:1.92%;--awb-margin-bottom-large:20px;--awb-spacing-left-large:1.92%;--awb-width-medium:100%;--awb-order-medium:0;--awb-spacing-right-medium:1.92%;--awb-spacing-left-medium:1.92%;--awb-width-small:100%;--awb-order-small:0;--awb-spacing-right-small:1.92%;--awb-spacing-left-small:1.92%;\"><div class=\"fusion-column-wrapper fusion-column-has-shadow fusion-flex-justify-content-flex-start fusion-content-layout-column\"><div class=\"fusion-image-element\" style=\"text-align:center;--awb-margin-bottom:50px;--awb-max-width:146px;--awb-caption-title-font-family:var(--h2_typography-font-family);--awb-caption-title-font-weight:var(--h2_typography-font-weight);--awb-caption-title-font-style:var(--h2_typography-font-style);--awb-caption-title-size:var(--h2_typography-font-size);--awb-caption-title-transform:var(--h2_typography-text-transform);--awb-caption-title-line-height:var(--h2_typography-line-height);--awb-caption-title-letter-spacing:var(--h2_typography-letter-spacing);\"><span class=\"fusion-imageframe imageframe-none imageframe-1 hover-type-none\"><img decoding=\"async\" width=\"640\" height=\"560\" alt=\"Info Quest Technologies Romania is the official distributor of Xiaomi products in Romania\" title=\"quest-group-logo\" src=\"https:\/\/www.info-quest.ro\/wp-content\/uploads\/2023\/09\/quest-group-logo.png\" data-orig-src=\"https:\/\/www.info-quest.ro\/wp-content\/uploads\/2023\/09\/quest-group-logo.png\" class=\"lazyload img-responsive wp-image-5932\" srcset=\"data:image\/svg+xml,%3Csvg%20xmlns%3D%27http%3A%2F%2Fwww.w3.org%2F2000%2Fsvg%27%20width%3D%27640%27%20height%3D%27560%27%20viewBox%3D%270%200%20640%20560%27%3E%3Crect%20width%3D%27640%27%20height%3D%27560%27%20fill-opacity%3D%220%22%2F%3E%3C%2Fsvg%3E\" data-srcset=\"https:\/\/www.info-quest.ro\/wp-content\/uploads\/2023\/09\/quest-group-logo-200x175.png 200w, https:\/\/www.info-quest.ro\/wp-content\/uploads\/2023\/09\/quest-group-logo-400x350.png 400w, https:\/\/www.info-quest.ro\/wp-content\/uploads\/2023\/09\/quest-group-logo-600x525.png 600w, https:\/\/www.info-quest.ro\/wp-content\/uploads\/2023\/09\/quest-group-logo.png 640w\" data-sizes=\"auto\" data-orig-sizes=\"(max-width: 1024px) 100vw, (max-width: 640px) 100vw, 640px\" \/><\/span><\/div><div class=\"fusion-text fusion-text-1 awb-text-cols fusion-text-columns-2\" style=\"--awb-columns:2;--awb-column-spacing:2em;--awb-column-min-width:100px;--awb-text-font-family:&quot;Open Sans&quot;;--awb-text-font-style:normal;--awb-text-font-weight:400;\"><p>Quest Group is one of the leading and financially sound, Greek Group of Companies, with 44+ years of continuous growth based on the principles of sustainable development and \u20ac1.3 bill. Revenues in 2024.<\/p>\n<p>Quest Holdings, the Group\u2019s parent company is listed in the Athens Stock Exchange and is included in ATHEX FTSE-25 &amp; ESG Index. Pioneering in the sector of Information Technology, the Group is also active in the Clima \/ Air Conditioning &amp; Home Appliances,  Courier\/Postal Services and Green Energy Sectors.<\/p>\n<p>The Groups is systematically expanding its operations in the European market. In 2024 ~28% of its revenue derived from international sales in 30 countries.<\/p>\n<p>The Group has more than 18 years of experience within Romanian ICT market, while its subsidiary company Uni Systems Romania, is active in ICT Integration for Banking &amp; Finance, Telecoms &amp; Enterprise\/Utilities Sectors, with a wide and esteemed clientele base ( e.g. ENEL Energia,BRD-Group Soci\u00e9t\u00e9 G\u00e9n\u00e9rale, First Bank, Piraeus Bank Romania, Raiffwisen Bank, ITNAV PRO, Orange Romania, Telecom Romania etc.)<\/p>\n<\/div><\/div><\/div><\/div><\/div><div class=\"fusion-fullwidth fullwidth-box fusion-builder-row-2 fusion-flex-container has-pattern-background has-mask-background nonhundred-percent-fullwidth non-hundred-percent-height-scrolling\" style=\"--awb-border-radius-top-left:0px;--awb-border-radius-top-right:0px;--awb-border-radius-bottom-right:0px;--awb-border-radius-bottom-left:0px;--awb-padding-bottom:101px;--awb-flex-wrap:wrap;\" ><div class=\"fusion-builder-row fusion-row fusion-flex-align-items-flex-start fusion-flex-content-wrap\" style=\"max-width:1216.8px;margin-left: calc(-4% \/ 2 );margin-right: calc(-4% \/ 2 );\"><div class=\"fusion-layout-column fusion_builder_column fusion-builder-column-1 fusion_builder_column_1_3 1_3 fusion-flex-column\" style=\"--awb-padding-top:65px;--awb-padding-bottom:59px;--awb-bg-color:var(--awb-color4);--awb-bg-color-hover:var(--awb-color4);--awb-bg-size:cover;--awb-width-large:33.333333333333%;--awb-margin-top-large:0px;--awb-spacing-right-large:5.76%;--awb-margin-bottom-large:20px;--awb-spacing-left-large:5.76%;--awb-width-medium:100%;--awb-order-medium:0;--awb-spacing-right-medium:1.92%;--awb-spacing-left-medium:1.92%;--awb-width-small:100%;--awb-order-small:0;--awb-spacing-right-small:1.92%;--awb-spacing-left-small:1.92%;\"><div class=\"fusion-column-wrapper fusion-column-has-shadow fusion-flex-justify-content-flex-start fusion-content-layout-column\"><div class=\"fusion-text fusion-text-2\"><h1 style=\"text-align: center; --fontSize: 60; line-height: 1.35;\" data-fontsize=\"60\" data-lineheight=\"81px\" class=\"fusion-responsive-typography-calculated\"><b>\u20ac1.3 bill.<\/b><\/h1>\n<p style=\"text-align: center;\"><b>revenues <br \/>in 2024<\/b><\/p>\n<\/div><\/div><\/div><div class=\"fusion-layout-column fusion_builder_column fusion-builder-column-2 fusion_builder_column_1_3 1_3 fusion-flex-column\" style=\"--awb-padding-top:65px;--awb-padding-bottom:59px;--awb-bg-color:var(--awb-color4);--awb-bg-color-hover:var(--awb-color4);--awb-bg-size:cover;--awb-width-large:33.333333333333%;--awb-margin-top-large:0px;--awb-spacing-right-large:5.76%;--awb-margin-bottom-large:20px;--awb-spacing-left-large:5.76%;--awb-width-medium:100%;--awb-order-medium:0;--awb-spacing-right-medium:1.92%;--awb-spacing-left-medium:1.92%;--awb-width-small:100%;--awb-order-small:0;--awb-spacing-right-small:1.92%;--awb-spacing-left-small:1.92%;\"><div class=\"fusion-column-wrapper fusion-column-has-shadow fusion-flex-justify-content-flex-start fusion-content-layout-column\"><div class=\"fusion-text fusion-text-3\"><h1 style=\"text-align: center; --fontSize: 60; line-height: 1.35;\" data-fontsize=\"60\" data-lineheight=\"81px\" class=\"fusion-responsive-typography-calculated\"><b>28%<\/b><\/h1>\n<p style=\"text-align: center;\"><b>interantional sales<br \/>in 2024<\/b><\/p>\n<\/div><\/div><\/div><div class=\"fusion-layout-column fusion_builder_column fusion-builder-column-3 fusion_builder_column_1_3 1_3 fusion-flex-column\" style=\"--awb-padding-top:65px;--awb-padding-bottom:59px;--awb-bg-color:var(--awb-color4);--awb-bg-color-hover:var(--awb-color4);--awb-bg-size:cover;--awb-width-large:33.333333333333%;--awb-margin-top-large:0px;--awb-spacing-right-large:5.76%;--awb-margin-bottom-large:20px;--awb-spacing-left-large:5.76%;--awb-width-medium:100%;--awb-order-medium:0;--awb-spacing-right-medium:1.92%;--awb-spacing-left-medium:1.92%;--awb-width-small:100%;--awb-order-small:0;--awb-spacing-right-small:1.92%;--awb-spacing-left-small:1.92%;\"><div class=\"fusion-column-wrapper fusion-column-has-shadow fusion-flex-justify-content-flex-start fusion-content-layout-column\"><div class=\"fusion-text fusion-text-4\"><h1 style=\"text-align: center; --fontSize: 60; line-height: 1.35;\" data-fontsize=\"60\" data-lineheight=\"81px\" class=\"fusion-responsive-typography-calculated\"><b>18 years<\/b><\/h1>\n<p style=\"text-align: center;\"><b>experience<br \/>\nin Romanian ICT market<\/b><\/p>\n<\/div><\/div><\/div><div class=\"fusion-layout-column fusion_builder_column fusion-builder-column-4 fusion_builder_column_1_1 1_1 fusion-flex-column\" style=\"--awb-bg-size:cover;--awb-width-large:100%;--awb-margin-top-large:0px;--awb-spacing-right-large:1.92%;--awb-margin-bottom-large:20px;--awb-spacing-left-large:1.92%;--awb-width-medium:100%;--awb-order-medium:0;--awb-spacing-right-medium:1.92%;--awb-spacing-left-medium:1.92%;--awb-width-small:100%;--awb-order-small:0;--awb-spacing-right-small:1.92%;--awb-spacing-left-small:1.92%;\"><div class=\"fusion-column-wrapper fusion-column-has-shadow fusion-flex-justify-content-flex-start fusion-content-layout-column\"><div style=\"text-align:center;\"><a class=\"fusion-button button-flat fusion-button-default-size button-custom fusion-button-default button-1 fusion-button-default-span fusion-button-default-type\" style=\"--button_accent_color:#000000;--button_border_color:#000000;--button_accent_hover_color:var(--awb-color1);--button_border_hover_color:var(--awb-color1);--button_gradient_top_color:var(--awb-color4);--button_gradient_bottom_color:var(--awb-color4);--button_gradient_top_color_hover:var(--awb-color5);--button_gradient_bottom_color_hover:var(--awb-color5);--button_typography-font-family:&quot;Open Sans&quot;;--button_typography-font-style:normal;--button_typography-font-weight:400;--button_margin-top:50px;\" target=\"_blank\" rel=\"noopener noreferrer\" href=\"https:\/\/www.quest.gr\/en\"><span class=\"fusion-button-text awb-button__text awb-button__text--default\">More<\/span><\/a><\/div><\/div><\/div><\/div><\/div><\/p>","protected":false},"excerpt":{"rendered":"","protected":false},"author":1,"featured_media":3665,"parent":0,"menu_order":0,"comment_status":"closed","ping_status":"closed","template":"100-width.php","meta":{"footnotes":""},"class_list":["post-6026","page","type-page","status-publish","has-post-thumbnail","hentry"],"yoast_head":"<!-- This site is optimized with the Yoast SEO plugin v27.1.1 - https:\/\/yoast.com\/product\/yoast-seo-wordpress\/ -->\r\n<title>Quest Group - Info Quest Romania<\/title>\r\n<meta name=\"robots\" content=\"index, follow, max-snippet:-1, max-image-preview:large, max-video-preview:-1\" \/>\r\n<link rel=\"canonical\" href=\"https:\/\/www.info-quest.ro\/ro\/quest-group\/\" \/>\r\n<meta property=\"og:locale\" content=\"ro_RO\" \/>\r\n<meta property=\"og:type\" content=\"article\" \/>\r\n<meta property=\"og:title\" content=\"Quest Group - Info Quest Romania\" \/>\r\n<meta property=\"og:url\" content=\"https:\/\/www.info-quest.ro\/ro\/quest-group\/\" \/>\r\n<meta property=\"og:site_name\" content=\"Info Quest Romania\" \/>\r\n<meta property=\"article:modified_time\" content=\"2025-07-08T12:14:36+00:00\" \/>\r\n<meta property=\"og:image\" content=\"https:\/\/www.info-quest.ro\/wp-content\/uploads\/2021\/11\/4.jpg\" \/>\r\n\t<meta property=\"og:image:width\" content=\"1393\" \/>\r\n\t<meta property=\"og:image:height\" content=\"590\" \/>\r\n\t<meta property=\"og:image:type\" content=\"image\/jpeg\" \/>\r\n<meta name=\"twitter:card\" content=\"summary_large_image\" \/>\r\n<meta name=\"twitter:label1\" content=\"Timp estimat pentru citire\" \/>\n\t<meta name=\"twitter:data1\" content=\"10 minute\" \/>\r\n<script type=\"application\/ld+json\" class=\"yoast-schema-graph\">{\"@context\":\"https:\/\/schema.org\",\"@graph\":[{\"@type\":\"WebPage\",\"@id\":\"https:\/\/www.info-quest.ro\/quest-group\/\",\"url\":\"https:\/\/www.info-quest.ro\/quest-group\/\",\"name\":\"Quest Group - Info Quest Romania\",\"isPartOf\":{\"@id\":\"https:\/\/www.info-quest.ro\/#website\"},\"primaryImageOfPage\":{\"@id\":\"https:\/\/www.info-quest.ro\/quest-group\/#primaryimage\"},\"image\":{\"@id\":\"https:\/\/www.info-quest.ro\/quest-group\/#primaryimage\"},\"thumbnailUrl\":\"https:\/\/www.info-quest.ro\/wp-content\/uploads\/2021\/11\/4.jpg\",\"datePublished\":\"2023-09-06T10:02:07+00:00\",\"dateModified\":\"2025-07-08T12:14:36+00:00\",\"breadcrumb\":{\"@id\":\"https:\/\/www.info-quest.ro\/quest-group\/#breadcrumb\"},\"inLanguage\":\"ro-RO\",\"potentialAction\":[{\"@type\":\"ReadAction\",\"target\":[\"https:\/\/www.info-quest.ro\/quest-group\/\"]}]},{\"@type\":\"ImageObject\",\"inLanguage\":\"ro-RO\",\"@id\":\"https:\/\/www.info-quest.ro\/quest-group\/#primaryimage\",\"url\":\"https:\/\/www.info-quest.ro\/wp-content\/uploads\/2021\/11\/4.jpg\",\"contentUrl\":\"https:\/\/www.info-quest.ro\/wp-content\/uploads\/2021\/11\/4.jpg\",\"width\":1393,\"height\":590,\"caption\":\"4\"},{\"@type\":\"BreadcrumbList\",\"@id\":\"https:\/\/www.info-quest.ro\/quest-group\/#breadcrumb\",\"itemListElement\":[{\"@type\":\"ListItem\",\"position\":1,\"name\":\"Home\",\"item\":\"https:\/\/www.info-quest.ro\/\"},{\"@type\":\"ListItem\",\"position\":2,\"name\":\"Quest Group\"}]},{\"@type\":\"WebSite\",\"@id\":\"https:\/\/www.info-quest.ro\/#website\",\"url\":\"https:\/\/www.info-quest.ro\/\",\"name\":\"Info Quest Romania\",\"description\":\"\",\"publisher\":{\"@id\":\"https:\/\/www.info-quest.ro\/#organization\"},\"potentialAction\":[{\"@type\":\"SearchAction\",\"target\":{\"@type\":\"EntryPoint\",\"urlTemplate\":\"https:\/\/www.info-quest.ro\/?s={search_term_string}\"},\"query-input\":{\"@type\":\"PropertyValueSpecification\",\"valueRequired\":true,\"valueName\":\"search_term_string\"}}],\"inLanguage\":\"ro-RO\"},{\"@type\":\"Organization\",\"@id\":\"https:\/\/www.info-quest.ro\/#organization\",\"name\":\"Info Quest Romania\",\"url\":\"https:\/\/www.info-quest.ro\/\",\"logo\":{\"@type\":\"ImageObject\",\"inLanguage\":\"ro-RO\",\"@id\":\"https:\/\/www.info-quest.ro\/#\/schema\/logo\/image\/\",\"url\":\"https:\/\/www.info-quest.ro\/wp-content\/uploads\/2023\/08\/logo-iqt-rom-300x122-1.png\",\"contentUrl\":\"https:\/\/www.info-quest.ro\/wp-content\/uploads\/2023\/08\/logo-iqt-rom-300x122-1.png\",\"width\":300,\"height\":122,\"caption\":\"Info Quest Romania\"},\"image\":{\"@id\":\"https:\/\/www.info-quest.ro\/#\/schema\/logo\/image\/\"}}]}<\/script>\r\n<!-- \/ Yoast SEO plugin. -->","yoast_head_json":{"title":"Quest Group - Info Quest Romania","robots":{"index":"index","follow":"follow","max-snippet":"max-snippet:-1","max-image-preview":"max-image-preview:large","max-video-preview":"max-video-preview:-1"},"canonical":"https:\/\/www.info-quest.ro\/ro\/quest-group\/","og_locale":"ro_RO","og_type":"article","og_title":"Quest Group - Info Quest Romania","og_url":"https:\/\/www.info-quest.ro\/ro\/quest-group\/","og_site_name":"Info Quest Romania","article_modified_time":"2025-07-08T12:14:36+00:00","og_image":[{"width":1393,"height":590,"url":"https:\/\/www.info-quest.ro\/wp-content\/uploads\/2021\/11\/4.jpg","type":"image\/jpeg"}],"twitter_card":"summary_large_image","twitter_misc":{"Timp estimat pentru citire":"10 minute"},"schema":{"@context":"https:\/\/schema.org","@graph":[{"@type":"WebPage","@id":"https:\/\/www.info-quest.ro\/quest-group\/","url":"https:\/\/www.info-quest.ro\/quest-group\/","name":"Quest Group - Info Quest Romania","isPartOf":{"@id":"https:\/\/www.info-quest.ro\/#website"},"primaryImageOfPage":{"@id":"https:\/\/www.info-quest.ro\/quest-group\/#primaryimage"},"image":{"@id":"https:\/\/www.info-quest.ro\/quest-group\/#primaryimage"},"thumbnailUrl":"https:\/\/www.info-quest.ro\/wp-content\/uploads\/2021\/11\/4.jpg","datePublished":"2023-09-06T10:02:07+00:00","dateModified":"2025-07-08T12:14:36+00:00","breadcrumb":{"@id":"https:\/\/www.info-quest.ro\/quest-group\/#breadcrumb"},"inLanguage":"ro-RO","potentialAction":[{"@type":"ReadAction","target":["https:\/\/www.info-quest.ro\/quest-group\/"]}]},{"@type":"ImageObject","inLanguage":"ro-RO","@id":"https:\/\/www.info-quest.ro\/quest-group\/#primaryimage","url":"https:\/\/www.info-quest.ro\/wp-content\/uploads\/2021\/11\/4.jpg","contentUrl":"https:\/\/www.info-quest.ro\/wp-content\/uploads\/2021\/11\/4.jpg","width":1393,"height":590,"caption":"4"},{"@type":"BreadcrumbList","@id":"https:\/\/www.info-quest.ro\/quest-group\/#breadcrumb","itemListElement":[{"@type":"ListItem","position":1,"name":"Home","item":"https:\/\/www.info-quest.ro\/"},{"@type":"ListItem","position":2,"name":"Quest Group"}]},{"@type":"WebSite","@id":"https:\/\/www.info-quest.ro\/#website","url":"https:\/\/www.info-quest.ro\/","name":"Info Quest Romania","description":"","publisher":{"@id":"https:\/\/www.info-quest.ro\/#organization"},"potentialAction":[{"@type":"SearchAction","target":{"@type":"EntryPoint","urlTemplate":"https:\/\/www.info-quest.ro\/?s={search_term_string}"},"query-input":{"@type":"PropertyValueSpecification","valueRequired":true,"valueName":"search_term_string"}}],"inLanguage":"ro-RO"},{"@type":"Organization","@id":"https:\/\/www.info-quest.ro\/#organization","name":"Info Quest Romania","url":"https:\/\/www.info-quest.ro\/","logo":{"@type":"ImageObject","inLanguage":"ro-RO","@id":"https:\/\/www.info-quest.ro\/#\/schema\/logo\/image\/","url":"https:\/\/www.info-quest.ro\/wp-content\/uploads\/2023\/08\/logo-iqt-rom-300x122-1.png","contentUrl":"https:\/\/www.info-quest.ro\/wp-content\/uploads\/2023\/08\/logo-iqt-rom-300x122-1.png","width":300,"height":122,"caption":"Info Quest Romania"},"image":{"@id":"https:\/\/www.info-quest.ro\/#\/schema\/logo\/image\/"}}]}},"_links":{"self":[{"href":"https:\/\/www.info-quest.ro\/ro\/wp-json\/wp\/v2\/pages\/6026","targetHints":{"allow":["GET"]}}],"collection":[{"href":"https:\/\/www.info-quest.ro\/ro\/wp-json\/wp\/v2\/pages"}],"about":[{"href":"https:\/\/www.info-quest.ro\/ro\/wp-json\/wp\/v2\/types\/page"}],"author":[{"embeddable":true,"href":"https:\/\/www.info-quest.ro\/ro\/wp-json\/wp\/v2\/users\/1"}],"replies":[{"embeddable":true,"href":"https:\/\/www.info-quest.ro\/ro\/wp-json\/wp\/v2\/comments?post=6026"}],"version-history":[{"count":15,"href":"https:\/\/www.info-quest.ro\/ro\/wp-json\/wp\/v2\/pages\/6026\/revisions"}],"predecessor-version":[{"id":6602,"href":"https:\/\/www.info-quest.ro\/ro\/wp-json\/wp\/v2\/pages\/6026\/revisions\/6602"}],"wp:featuredmedia":[{"embeddable":true,"href":"https:\/\/www.info-quest.ro\/ro\/wp-json\/wp\/v2\/media\/3665"}],"wp:attachment":[{"href":"https:\/\/www.info-quest.ro\/ro\/wp-json\/wp\/v2\/media?parent=6026"}],"curies":[{"name":"wp","href":"https:\/\/api.w.org\/{rel}","templated":true}]}}